{"id":12,"date":"2024-01-09T13:40:38","date_gmt":"2024-01-09T12:40:38","guid":{"rendered":"https:\/\/sepebarcelona.grupomainjobs.com\/?page_id=12"},"modified":"2024-10-11T09:29:10","modified_gmt":"2024-10-11T07:29:10","slug":"cursos-sepe-erte-barcelona","status":"publish","type":"page","link":"https:\/\/sepebarcelona.grupomainjobs.com\/cat\/","title":{"rendered":"Digitalitzaci\u00f3 professional"},"content":{"rendered":"<div class=\"gb-container gb-container-700b96b2 alignfull\" id=\"Video\">\n\n<div class=\"wp-block-nk-awb nk-awb\"><div class=\"nk-awb-wrap\" style=\"background:var(--theme-palette-color-1, #0E1E3D)\" data-awb-type=\"video\" data-awb-video=\"mp4:https:\/\/sepebarcelona.grupomainjobs.com\/wp-content\/uploads\/2024\/01\/Cursos.mp4\" data-awb-video-mobile=\"true\"><div class=\"nk-awb-inner\" style=\"opacity: 0.15;\"><\/div><\/div><div class=\"nk-awb-wrap-content is-layout-constrained wp-block-nk-awb-is-layout-constrained\"><div class=\"gb-container gb-container-c4da8a4b\">\n<div class=\"gb-grid-wrapper gb-grid-wrapper-91a391ef\">\n<div class=\"gb-grid-column gb-grid-column-f2e72ebc\"><div class=\"gb-container gb-container-f2e72ebc\">\n\n<p class=\"gb-headline gb-headline-d84c4d56 gb-headline-text\">Programa de <strong>digitalitzaci\u00f3<\/strong> <strong>professional<\/strong><\/p>\n\n\n<div class=\"gb-container gb-container-536b8cc3\"><\/div>\n\n\n<p class=\"gb-headline gb-headline-9784532c gb-headline-text degradado2\">Primeres <strong>5.000<\/strong> places gratu\u00eftes<\/p>\n\n<\/div><\/div>\n\n<div class=\"gb-grid-column gb-grid-column-99e61406\"><div class=\"gb-container gb-container-99e61406\">\n<div class=\"gb-container gb-container-89f447d4\">\n\n<h3 class=\"gb-headline gb-headline-126e1ae7 gb-headline-text\">CERTIFICA&#039;T ONLINE EN NOVES COMPET\u00c8NCIES PROFESSIONALS<\/h3>\n\n<\/div>\n<\/div><\/div>\n<\/div>\n<\/div><\/div><\/div>\n\n<\/div>\n\n<div class=\"gb-container gb-container-a9a52ae0 alignfull\" id=\"Cursos\">\n<div class=\"gb-container gb-container-2e1300b7\">\n<div class=\"gb-container gb-container-1518e074\"><div class=\"gb-inside-container\">\n\n<h2 class=\"gb-headline gb-headline-b0f96dde gb-headline-text alturaLinea\"><strong>Tria entre els seg\u00fcents <span style=\"background-image: linear-gradient(195deg,#e5ebf0,#e5e6e8);background-repeat: no-repeat;background-position: 9px bottom;background-size: 100% 17px;border-radius: 110px;\"><strong>cursos<\/strong><\/span><\/strong><\/h2>\n\n\n<div class=\"gb-grid-wrapper gb-grid-wrapper-db11b6ac\">\n<div data-aos-duration=\"1000\" data-aos=\"fade-up\" class=\"gb-grid-column gb-grid-column-9b124c52\"><div class=\"gb-container gb-container-9b124c52 animado\">\n<div class=\"gb-container gb-container-000820c3\">\n\n<h2 class=\"gb-headline gb-headline-bc77196a gb-headline-text\">E<strong><strong><strong><strong><strong><a href=\"https:\/\/sepebarcelona.grupomainjobs.com\/cat\/curso-de-especialista-en-transformacion-digital-y-desarrollo-sostenible\/\"><strong>specialista en transformaci\u00f3 digital i desenvolupament sostenible<\/strong><\/a><\/strong><\/strong><\/strong><\/strong><\/strong><\/h2>\n\n\n<div class=\"gb-container gb-container-b183a3bd\">\n\n<div class=\"wp-block-group is-content-justification-left is-layout-flex wp-container-core-group-is-layout-bc8e6f51 wp-block-group-is-layout-flex\">\n<p class=\"gb-headline gb-headline-73ca3497\"><span class=\"gb-icon\"><svg viewbox=\"0 0 16 16\" class=\"bi bi-calendar3\" fill=\"currentColor\" height=\"16\" width=\"16\" xmlns=\"http:\/\/www.w3.org\/2000\/svg\">   <path d=\"M14 0H2a2 2 0 0 0-2 2v12a2 2 0 0 0 2 2h12a2 2 0 0 0 2-2V2a2 2 0 0 0-2-2zM1 3.857C1 3.384 1.448 3 2 3h12c.552 0 1 .384 1 .857v10.286c0 .473-.448.857-1 .857H2c-.552 0-1-.384-1-.857V3.857z\"><\/path>   <path d=\"M6.5 7a1 1 0 1 0 0-2 1 1 0 0 0 0 2zm3 0a1 1 0 1 0 0-2 1 1 0 0 0 0 2zm3 0a1 1 0 1 0 0-2 1 1 0 0 0 0 2zm-9 3a1 1 0 1 0 0-2 1 1 0 0 0 0 2zm3 0a1 1 0 1 0 0-2 1 1 0 0 0 0 2zm3 0a1 1 0 1 0 0-2 1 1 0 0 0 0 2zm3 0a1 1 0 1 0 0-2 1 1 0 0 0 0 2zm-9 3a1 1 0 1 0 0-2 1 1 0 0 0 0 2zm3 0a1 1 0 1 0 0-2 1 1 0 0 0 0 2zm3 0a1 1 0 1 0 0-2 1 1 0 0 0 0 2z\"><\/path> <\/svg><\/span><span class=\"gb-headline-text\"><strong><strong>CONVOCAT\u00d2RIA OBERTA<\/strong><\/strong><\/span><\/p>\n\n\n\n<p class=\"gb-headline gb-headline-e0b53721\"><span class=\"gb-icon\"><svg viewbox=\"0 0 16 16\" class=\"bi bi-clock\" fill=\"currentColor\" height=\"16\" width=\"16\" xmlns=\"http:\/\/www.w3.org\/2000\/svg\">   <path d=\"M8 3.5a.5.5 0 0 0-1 0V9a.5.5 0 0 0 .252.434l3.5 2a.5.5 0 0 0 .496-.868L8 8.71V3.5z\"><\/path>   <path d=\"M8 16A8 8 0 1 0 8 0a8 8 0 0 0 0 16zm7-8A7 7 0 1 1 1 8a7 7 0 0 1 14 0z\"><\/path> <\/svg><\/span><span class=\"gb-headline-text\"><strong>160 HORES<\/strong><\/span><\/p>\n\n\n\n<p class=\"gb-headline gb-headline-7a481383\"><span class=\"gb-icon\"><svg viewbox=\"0 0 16 16\" class=\"bi bi-people-fill\" fill=\"currentColor\" height=\"16\" width=\"16\" xmlns=\"http:\/\/www.w3.org\/2000\/svg\">   <path d=\"M7 14s-1 0-1-1 1-4 5-4 5 3 5 4-1 1-1 1H7Zm4-6a3 3 0 1 0 0-6 3 3 0 0 0 0 6Zm-5.784 6A2.238 2.238 0 0 1 5 13c0-1.355.68-2.75 1.936-3.72A6.325 6.325 0 0 0 5 9c-4 0-5 3-5 4s1 1 1 1h4.216ZM4.5 8a2.5 2.5 0 1 0 0-5 2.5 2.5 0 0 0 0 5Z\"><\/path> <\/svg><\/span><span class=\"gb-headline-text\"><strong>ONLINE<\/strong><\/span><\/p>\n\n\n<\/div>\n\n<\/div>\n\n<div class=\"gb-container gb-container-5b9d4b12\">\n\n<a class=\"gb-button gb-button-72ddf0f6 degradado\" href=\"\/cat\/curso-de-liderazgo-de-transformacion-digital-y-sostenibilidad\/\"><span class=\"gb-icon\"><svg aria-hidden=\"true\" role=\"img\" height=\"1em\" width=\"1em\" viewbox=\"0 0 256 512\" xmlns=\"http:\/\/www.w3.org\/2000\/svg\"><path fill=\"currentColor\" d=\"M224.3 273l-136 136c-9.4 9.4-24.6 9.4-33.9 0l-22.6-22.6c-9.4-9.4-9.4-24.6 0-33.9l96.4-96.4-96.4-96.4c-9.4-9.4-9.4-24.6 0-33.9L54.3 103c9.4-9.4 24.6-9.4 33.9 0l136 136c9.5 9.4 9.5 24.6.1 34z\"><\/path><\/svg><\/span><span class=\"gb-button-text\"><strong><strong>VEURE CURS<\/strong><\/strong><\/span><\/a>\n\n<\/div>\n<\/div>\n<\/div><\/div>\n\n\n\n\n\n\n\n<div data-aos-duration=\"1000\" data-aos=\"fade-up\" class=\"gb-grid-column gb-grid-column-5c151cc6\"><div class=\"gb-container gb-container-5c151cc6 animado\">\n<div class=\"gb-container gb-container-245c454c\">\n\n<h2 class=\"gb-headline gb-headline-9042b7a7 gb-headline-text\"><a href=\"https:\/\/sepebarcelona.grupomainjobs.com\/cat\/curso-desarrollo-sostenible-y-digital-marketing\/\">Curs Desenvolupament sostenible i digital m\u00e0rqueting<\/a><\/h2>\n\n\n<div class=\"gb-container gb-container-afc8de53\">\n\n<div class=\"wp-block-group is-content-justification-left is-layout-flex wp-container-core-group-is-layout-bc8e6f51 wp-block-group-is-layout-flex\">\n<p class=\"gb-headline gb-headline-dd7370b7\"><span class=\"gb-icon\"><svg viewbox=\"0 0 16 16\" class=\"bi bi-calendar3\" fill=\"currentColor\" height=\"16\" width=\"16\" xmlns=\"http:\/\/www.w3.org\/2000\/svg\">   <path d=\"M14 0H2a2 2 0 0 0-2 2v12a2 2 0 0 0 2 2h12a2 2 0 0 0 2-2V2a2 2 0 0 0-2-2zM1 3.857C1 3.384 1.448 3 2 3h12c.552 0 1 .384 1 .857v10.286c0 .473-.448.857-1 .857H2c-.552 0-1-.384-1-.857V3.857z\"><\/path>   <path d=\"M6.5 7a1 1 0 1 0 0-2 1 1 0 0 0 0 2zm3 0a1 1 0 1 0 0-2 1 1 0 0 0 0 2zm3 0a1 1 0 1 0 0-2 1 1 0 0 0 0 2zm-9 3a1 1 0 1 0 0-2 1 1 0 0 0 0 2zm3 0a1 1 0 1 0 0-2 1 1 0 0 0 0 2zm3 0a1 1 0 1 0 0-2 1 1 0 0 0 0 2zm3 0a1 1 0 1 0 0-2 1 1 0 0 0 0 2zm-9 3a1 1 0 1 0 0-2 1 1 0 0 0 0 2zm3 0a1 1 0 1 0 0-2 1 1 0 0 0 0 2zm3 0a1 1 0 1 0 0-2 1 1 0 0 0 0 2z\"><\/path> <\/svg><\/span><span class=\"gb-headline-text\"><strong><strong>CONVOCAT\u00d2RIA OBERTA<\/strong><\/strong><\/span><\/p>\n\n\n\n<p class=\"gb-headline gb-headline-d2dff9f6\"><span class=\"gb-icon\"><svg viewbox=\"0 0 16 16\" class=\"bi bi-clock\" fill=\"currentColor\" height=\"16\" width=\"16\" xmlns=\"http:\/\/www.w3.org\/2000\/svg\">   <path d=\"M8 3.5a.5.5 0 0 0-1 0V9a.5.5 0 0 0 .252.434l3.5 2a.5.5 0 0 0 .496-.868L8 8.71V3.5z\"><\/path>   <path d=\"M8 16A8 8 0 1 0 8 0a8 8 0 0 0 0 16zm7-8A7 7 0 1 1 1 8a7 7 0 0 1 14 0z\"><\/path> <\/svg><\/span><span class=\"gb-headline-text\"><strong>160 HORES<\/strong><\/span><\/p>\n\n\n\n<p class=\"gb-headline gb-headline-79e51136\"><span class=\"gb-icon\"><svg viewbox=\"0 0 16 16\" class=\"bi bi-people-fill\" fill=\"currentColor\" height=\"16\" width=\"16\" xmlns=\"http:\/\/www.w3.org\/2000\/svg\">   <path d=\"M7 14s-1 0-1-1 1-4 5-4 5 3 5 4-1 1-1 1H7Zm4-6a3 3 0 1 0 0-6 3 3 0 0 0 0 6Zm-5.784 6A2.238 2.238 0 0 1 5 13c0-1.355.68-2.75 1.936-3.72A6.325 6.325 0 0 0 5 9c-4 0-5 3-5 4s1 1 1 1h4.216ZM4.5 8a2.5 2.5 0 1 0 0-5 2.5 2.5 0 0 0 0 5Z\"><\/path> <\/svg><\/span><span class=\"gb-headline-text\"><strong>ONLINE<\/strong><\/span><\/p>\n\n\n<\/div>\n\n<\/div>\n\n<div class=\"gb-container gb-container-f43e3fb0\">\n\n<a class=\"gb-button gb-button-640cc7d3 degradado\" href=\"https:\/\/sepebarcelona.grupomainjobs.com\/cat\/curso-economia-circular-y-digital-marketing\/\"><span class=\"gb-icon\"><svg aria-hidden=\"true\" role=\"img\" height=\"1em\" width=\"1em\" viewbox=\"0 0 256 512\" xmlns=\"http:\/\/www.w3.org\/2000\/svg\"><path fill=\"currentColor\" d=\"M224.3 273l-136 136c-9.4 9.4-24.6 9.4-33.9 0l-22.6-22.6c-9.4-9.4-9.4-24.6 0-33.9l96.4-96.4-96.4-96.4c-9.4-9.4-9.4-24.6 0-33.9L54.3 103c9.4-9.4 24.6-9.4 33.9 0l136 136c9.5 9.4 9.5 24.6.1 34z\"><\/path><\/svg><\/span><span class=\"gb-button-text\"><strong><strong>VEURE CURS<\/strong><\/strong><\/span><\/a>\n\n<\/div>\n<\/div>\n<\/div><\/div>\n<\/div>\n<\/div><\/div>\n<\/div>\n<\/div>","protected":false},"excerpt":{"rendered":"<p>Trieu entre els cursos seg\u00fcents<\/p>","protected":false},"author":3,"featured_media":52,"parent":0,"menu_order":0,"comment_status":"closed","ping_status":"closed","template":"","meta":{"footnotes":""},"class_list":["post-12","page","type-page","status-publish","has-post-thumbnail","hentry"],"blocksy_meta":{"vertical_spacing_source":"custom","content_area_spacing":"none","styles_descriptor":{"styles":{"desktop":"","tablet":"","mobile":""},"google_fonts":[],"version":6}},"yoast_head":"<!-- This site is optimized with the Yoast SEO plugin v26.9 - https:\/\/yoast.com\/product\/yoast-seo-wordpress\/ -->\n<title>Digitalizaci\u00f3n profesional - SEPE Barcelona<\/title>\n<meta name=\"description\" content=\"Digitalizaci\u00f3n profesional. Certif\u00edcate online en nuevas competencias profesionales. Liderazgo de transformaci\u00f3n digital y sostenibilidad.\" \/>\n<meta name=\"robots\" content=\"index, follow, max-snippet:-1, max-image-preview:large, max-video-preview:-1\" \/>\n<link rel=\"canonical\" href=\"https:\/\/sepebarcelona.grupomainjobs.com\/cat\/\" \/>\n<meta property=\"og:locale\" content=\"ca_ES\" \/>\n<meta property=\"og:type\" content=\"article\" \/>\n<meta property=\"og:title\" content=\"Digitalizaci\u00f3n profesional - SEPE Barcelona\" \/>\n<meta property=\"og:description\" content=\"Digitalizaci\u00f3n profesional. Certif\u00edcate online en nuevas competencias profesionales. Liderazgo de transformaci\u00f3n digital y sostenibilidad.\" \/>\n<meta property=\"og:url\" content=\"https:\/\/sepebarcelona.grupomainjobs.com\/cat\/\" \/>\n<meta property=\"og:site_name\" content=\"SEPE Barcelona\" \/>\n<meta property=\"article:modified_time\" content=\"2024-10-11T07:29:10+00:00\" \/>\n<meta property=\"og:image\" content=\"https:\/\/sepebarcelona.grupomainjobs.com\/wp-content\/uploads\/2024\/01\/digitalizacion-profesional-1.jpg\" \/>\n\t<meta property=\"og:image:width\" content=\"1500\" \/>\n\t<meta property=\"og:image:height\" content=\"1001\" \/>\n\t<meta property=\"og:image:type\" content=\"image\/jpeg\" \/>\n<meta name=\"twitter:card\" content=\"summary_large_image\" \/>\n<meta name=\"twitter:label1\" content=\"Temps estimat de lectura\" \/>\n\t<meta name=\"twitter:data1\" content=\"1 minut\" \/>\n<script type=\"application\/ld+json\" class=\"yoast-schema-graph\">{\"@context\":\"https:\/\/schema.org\",\"@graph\":[{\"@type\":\"WebPage\",\"@id\":\"https:\/\/sepebarcelona.grupomainjobs.com\/\",\"url\":\"https:\/\/sepebarcelona.grupomainjobs.com\/\",\"name\":\"Digitalizaci\u00f3n profesional - SEPE Barcelona\",\"isPartOf\":{\"@id\":\"https:\/\/sepebarcelona.grupomainjobs.com\/#website\"},\"primaryImageOfPage\":{\"@id\":\"https:\/\/sepebarcelona.grupomainjobs.com\/#primaryimage\"},\"image\":{\"@id\":\"https:\/\/sepebarcelona.grupomainjobs.com\/#primaryimage\"},\"thumbnailUrl\":\"https:\/\/sepebarcelona.grupomainjobs.com\/wp-content\/uploads\/2024\/01\/digitalizacion-profesional-1.jpg\",\"datePublished\":\"2024-01-09T12:40:38+00:00\",\"dateModified\":\"2024-10-11T07:29:10+00:00\",\"description\":\"Digitalizaci\u00f3n profesional. Certif\u00edcate online en nuevas competencias profesionales. Liderazgo de transformaci\u00f3n digital y sostenibilidad.\",\"inLanguage\":\"ca\",\"potentialAction\":[{\"@type\":\"ReadAction\",\"target\":[\"https:\/\/sepebarcelona.grupomainjobs.com\/\"]}]},{\"@type\":\"ImageObject\",\"inLanguage\":\"ca\",\"@id\":\"https:\/\/sepebarcelona.grupomainjobs.com\/#primaryimage\",\"url\":\"https:\/\/sepebarcelona.grupomainjobs.com\/wp-content\/uploads\/2024\/01\/digitalizacion-profesional-1.jpg\",\"contentUrl\":\"https:\/\/sepebarcelona.grupomainjobs.com\/wp-content\/uploads\/2024\/01\/digitalizacion-profesional-1.jpg\",\"width\":1500,\"height\":1001},{\"@type\":\"WebSite\",\"@id\":\"https:\/\/sepebarcelona.grupomainjobs.com\/#website\",\"url\":\"https:\/\/sepebarcelona.grupomainjobs.com\/\",\"name\":\"SEPE Barcelona\",\"description\":\"Certif\u00edcate online en nuevas competencias profesionales.\",\"publisher\":{\"@id\":\"https:\/\/sepebarcelona.grupomainjobs.com\/#organization\"},\"potentialAction\":[{\"@type\":\"SearchAction\",\"target\":{\"@type\":\"EntryPoint\",\"urlTemplate\":\"https:\/\/sepebarcelona.grupomainjobs.com\/?s={search_term_string}\"},\"query-input\":{\"@type\":\"PropertyValueSpecification\",\"valueRequired\":true,\"valueName\":\"search_term_string\"}}],\"inLanguage\":\"ca\"},{\"@type\":\"Organization\",\"@id\":\"https:\/\/sepebarcelona.grupomainjobs.com\/#organization\",\"name\":\"SEPE Barcelona\",\"url\":\"https:\/\/sepebarcelona.grupomainjobs.com\/\",\"logo\":{\"@type\":\"ImageObject\",\"inLanguage\":\"ca\",\"@id\":\"https:\/\/sepebarcelona.grupomainjobs.com\/#\/schema\/logo\/image\/\",\"url\":\"https:\/\/sepebarcelona.grupomainjobs.com\/wp-content\/uploads\/2024\/01\/logos-cat-y-mainjobs.svg\",\"contentUrl\":\"https:\/\/sepebarcelona.grupomainjobs.com\/wp-content\/uploads\/2024\/01\/logos-cat-y-mainjobs.svg\",\"width\":2114,\"height\":121,\"caption\":\"SEPE Barcelona\"},\"image\":{\"@id\":\"https:\/\/sepebarcelona.grupomainjobs.com\/#\/schema\/logo\/image\/\"}}]}<\/script>\n<!-- \/ Yoast SEO plugin. -->","yoast_head_json":{"title":"Digitalizaci\u00f3n profesional - SEPE Barcelona","description":"Digitalizaci\u00f3n profesional. Certif\u00edcate online en nuevas competencias profesionales. Liderazgo de transformaci\u00f3n digital y sostenibilidad.","robots":{"index":"index","follow":"follow","max-snippet":"max-snippet:-1","max-image-preview":"max-image-preview:large","max-video-preview":"max-video-preview:-1"},"canonical":"https:\/\/sepebarcelona.grupomainjobs.com\/cat\/","og_locale":"ca_ES","og_type":"article","og_title":"Digitalizaci\u00f3n profesional - SEPE Barcelona","og_description":"Digitalizaci\u00f3n profesional. Certif\u00edcate online en nuevas competencias profesionales. Liderazgo de transformaci\u00f3n digital y sostenibilidad.","og_url":"https:\/\/sepebarcelona.grupomainjobs.com\/cat\/","og_site_name":"SEPE Barcelona","article_modified_time":"2024-10-11T07:29:10+00:00","og_image":[{"width":1500,"height":1001,"url":"https:\/\/sepebarcelona.grupomainjobs.com\/wp-content\/uploads\/2024\/01\/digitalizacion-profesional-1.jpg","type":"image\/jpeg"}],"twitter_card":"summary_large_image","twitter_misc":{"Temps estimat de lectura":"1 minut"},"schema":{"@context":"https:\/\/schema.org","@graph":[{"@type":"WebPage","@id":"https:\/\/sepebarcelona.grupomainjobs.com\/","url":"https:\/\/sepebarcelona.grupomainjobs.com\/","name":"Digitalizaci\u00f3n profesional - SEPE Barcelona","isPartOf":{"@id":"https:\/\/sepebarcelona.grupomainjobs.com\/#website"},"primaryImageOfPage":{"@id":"https:\/\/sepebarcelona.grupomainjobs.com\/#primaryimage"},"image":{"@id":"https:\/\/sepebarcelona.grupomainjobs.com\/#primaryimage"},"thumbnailUrl":"https:\/\/sepebarcelona.grupomainjobs.com\/wp-content\/uploads\/2024\/01\/digitalizacion-profesional-1.jpg","datePublished":"2024-01-09T12:40:38+00:00","dateModified":"2024-10-11T07:29:10+00:00","description":"Digitalizaci\u00f3n profesional. Certif\u00edcate online en nuevas competencias profesionales. Liderazgo de transformaci\u00f3n digital y sostenibilidad.","inLanguage":"ca","potentialAction":[{"@type":"ReadAction","target":["https:\/\/sepebarcelona.grupomainjobs.com\/"]}]},{"@type":"ImageObject","inLanguage":"ca","@id":"https:\/\/sepebarcelona.grupomainjobs.com\/#primaryimage","url":"https:\/\/sepebarcelona.grupomainjobs.com\/wp-content\/uploads\/2024\/01\/digitalizacion-profesional-1.jpg","contentUrl":"https:\/\/sepebarcelona.grupomainjobs.com\/wp-content\/uploads\/2024\/01\/digitalizacion-profesional-1.jpg","width":1500,"height":1001},{"@type":"WebSite","@id":"https:\/\/sepebarcelona.grupomainjobs.com\/#website","url":"https:\/\/sepebarcelona.grupomainjobs.com\/","name":"SEPE Barcelona","description":"Certifica&#039;t en l\u00ednia en noves compet\u00e8ncies professionals.","publisher":{"@id":"https:\/\/sepebarcelona.grupomainjobs.com\/#organization"},"potentialAction":[{"@type":"SearchAction","target":{"@type":"EntryPoint","urlTemplate":"https:\/\/sepebarcelona.grupomainjobs.com\/?s={search_term_string}"},"query-input":{"@type":"PropertyValueSpecification","valueRequired":true,"valueName":"search_term_string"}}],"inLanguage":"ca"},{"@type":"Organization","@id":"https:\/\/sepebarcelona.grupomainjobs.com\/#organization","name":"SEPE Barcelona","url":"https:\/\/sepebarcelona.grupomainjobs.com\/","logo":{"@type":"ImageObject","inLanguage":"ca","@id":"https:\/\/sepebarcelona.grupomainjobs.com\/#\/schema\/logo\/image\/","url":"https:\/\/sepebarcelona.grupomainjobs.com\/wp-content\/uploads\/2024\/01\/logos-cat-y-mainjobs.svg","contentUrl":"https:\/\/sepebarcelona.grupomainjobs.com\/wp-content\/uploads\/2024\/01\/logos-cat-y-mainjobs.svg","width":2114,"height":121,"caption":"SEPE Barcelona"},"image":{"@id":"https:\/\/sepebarcelona.grupomainjobs.com\/#\/schema\/logo\/image\/"}}]}},"_links":{"self":[{"href":"https:\/\/sepebarcelona.grupomainjobs.com\/cat\/wp-json\/wp\/v2\/pages\/12","targetHints":{"allow":["GET"]}}],"collection":[{"href":"https:\/\/sepebarcelona.grupomainjobs.com\/cat\/wp-json\/wp\/v2\/pages"}],"about":[{"href":"https:\/\/sepebarcelona.grupomainjobs.com\/cat\/wp-json\/wp\/v2\/types\/page"}],"author":[{"embeddable":true,"href":"https:\/\/sepebarcelona.grupomainjobs.com\/cat\/wp-json\/wp\/v2\/users\/3"}],"replies":[{"embeddable":true,"href":"https:\/\/sepebarcelona.grupomainjobs.com\/cat\/wp-json\/wp\/v2\/comments?post=12"}],"version-history":[{"count":72,"href":"https:\/\/sepebarcelona.grupomainjobs.com\/cat\/wp-json\/wp\/v2\/pages\/12\/revisions"}],"predecessor-version":[{"id":1314,"href":"https:\/\/sepebarcelona.grupomainjobs.com\/cat\/wp-json\/wp\/v2\/pages\/12\/revisions\/1314"}],"wp:featuredmedia":[{"embeddable":true,"href":"https:\/\/sepebarcelona.grupomainjobs.com\/cat\/wp-json\/wp\/v2\/media\/52"}],"wp:attachment":[{"href":"https:\/\/sepebarcelona.grupomainjobs.com\/cat\/wp-json\/wp\/v2\/media?parent=12"}],"curies":[{"name":"wp","href":"https:\/\/api.w.org\/{rel}","templated":true}]}}